{"id":24,"date":"2024-04-15T09:06:30","date_gmt":"2024-04-15T09:06:30","guid":{"rendered":"https:\/\/dotenlan.rkinformatika.online\/?page_id=24"},"modified":"2024-05-03T15:42:16","modified_gmt":"2024-05-03T15:42:16","slug":"fachadas-y-cubiertas","status":"publish","type":"page","link":"https:\/\/dotenlan.com\/eu\/fachadas-y-cubiertas\/","title":{"rendered":"Fachadas y cubiertas"},"content":{"rendered":"<div data-elementor-type=\"wp-page\" data-elementor-id=\"24\" class=\"elementor elementor-24\" data-elementor-post-type=\"page\">\n\t\t\t\t<div class=\"elementor-element elementor-element-b25dc72 e-flex e-con-boxed e-con e-parent\" data-id=\"b25dc72\" data-element_type=\"container\" data-e-type=\"container\" data-settings=\"{&quot;background_background&quot;:&quot;classic&quot;}\">\n\t\t\t\t\t<div class=\"e-con-inner\">\n\t\t\t\t\t<\/div>\n\t\t\t\t<\/div>\n\t\t\t\t<section class=\"elementor-section elementor-top-section elementor-element elementor-element-c1337de elementor-section-boxed elementor-section-height-default elementor-section-height-default\" data-id=\"c1337de\" data-element_type=\"section\" data-e-type=\"section\">\n\t\t\t\t\t\t<div class=\"elementor-container elementor-column-gap-default\">\n\t\t\t\t\t<div class=\"elementor-column elementor-col-100 elementor-top-column elementor-element elementor-element-c2e6aa7\" data-id=\"c2e6aa7\" data-element_type=\"column\" data-e-type=\"column\">\n\t\t\t<div class=\"elementor-widget-wrap elementor-element-populated\">\n\t\t\t\t\t\t<div class=\"elementor-element elementor-element-34a4f86 elementor-widget elementor-widget-heading\" data-id=\"34a4f86\" data-element_type=\"widget\" data-e-type=\"widget\" data-widget_type=\"heading.default\">\n\t\t\t\t<div class=\"elementor-widget-container\">\n\t\t\t\t\t<h2 class=\"elementor-heading-title elementor-size-default\">Fachadas y Cubiertas<\/h2>\t\t\t\t<\/div>\n\t\t\t\t<\/div>\n\t\t\t\t<section class=\"elementor-section elementor-inner-section elementor-element elementor-element-bf0b3a9 elementor-section-full_width elementor-section-height-default elementor-section-height-default\" data-id=\"bf0b3a9\" data-element_type=\"section\" data-e-type=\"section\">\n\t\t\t\t\t\t<div class=\"elementor-container elementor-column-gap-default\">\n\t\t\t\t\t<div class=\"elementor-column elementor-col-100 elementor-inner-column elementor-element elementor-element-efd6dcc\" data-id=\"efd6dcc\" data-element_type=\"column\" data-e-type=\"column\">\n\t\t\t<div class=\"elementor-widget-wrap elementor-element-populated\">\n\t\t\t\t\t\t<div class=\"elementor-element elementor-element-47ff9e2 elementor-widget elementor-widget-text-editor\" data-id=\"47ff9e2\" data-element_type=\"widget\" data-e-type=\"widget\" data-widget_type=\"text-editor.default\">\n\t\t\t\t<div class=\"elementor-widget-container\">\n\t\t\t\t\t\t\t\t\t<p><strong>Cubiertas:<\/strong> En Cubiertas, nos dedicamos a proporcionar soluciones integrales para mejorar el aislamiento e impermeabilizaci\u00f3n de su conjunto. Nuestros servicios incluyen no solo reparaciones puntuales, sino tambi\u00e9n la implementaci\u00f3n de mejoras duraderas y efectivas. Nos esforzamos por encontrar las mejores soluciones que garanticen la m\u00e1xima durabilidad y la m\u00e1xima protecci\u00f3n para su propiedad.<\/p><p><strong>Fachadas:<\/strong> Reconocemos la importancia crucial de mantener en \u00f3ptimas condiciones las fachadas de los edificios, ya que estas constituyen la primera l\u00ednea de defensa contra los elementos externos. Nuestros servicios de mantenimiento y rehabilitaci\u00f3n de fachadas se centran en prevenir filtraciones, reducir el impacto sonoro y mejorar la eficiencia energ\u00e9tica. Adem\u00e1s, entendemos que una fachada bien conservada contribuye significativamente a la est\u00e9tica general del edificio.<\/p><p><strong>Fachadas Ventiladas y Sate:<\/strong> En Dotenlan, ofrecemos soluciones avanzadas como las Fachadas Ventiladas y el Sistema de Aislamiento T\u00e9rmico Exterior (SATE). Estos sistemas innovadores no solo proporcionan un aislamiento t\u00e9rmico superior, sino que tambi\u00e9n mejoran la est\u00e9tica y la durabilidad del edificio. Nuestro equipo t\u00e9cnico est\u00e1 altamente capacitado para implementar estos sistemas con precisi\u00f3n y eficiencia, asegurando resultados de calidad que cumplen con los m\u00e1s altos est\u00e1ndares. Adem\u00e1s, nos comprometemos a proporcionar un servicio integral que incluye la gesti\u00f3n de permisos ante la administraci\u00f3n, garantizando una experiencia sin complicaciones para nuestros clientes.<\/p>\t\t\t\t\t\t\t\t<\/div>\n\t\t\t\t<\/div>\n\t\t\t\t\t<\/div>\n\t\t<\/div>\n\t\t\t\t\t<\/div>\n\t\t<\/section>\n\t\t\t\t\t<\/div>\n\t\t<\/div>\n\t\t\t\t\t<\/div>\n\t\t<\/section>\n\t\t<div class=\"elementor-element elementor-element-a25ae84 e-flex e-con-boxed e-con e-parent\" data-id=\"a25ae84\" data-element_type=\"container\" data-e-type=\"container\">\n\t\t\t\t\t<div class=\"e-con-inner\">\n\t\t\t\t<div class=\"elementor-element elementor-element-35db5eb elementor-widget elementor-widget-image-gallery\" data-id=\"35db5eb\" data-element_type=\"widget\" data-e-type=\"widget\" data-widget_type=\"image-gallery.default\">\n\t\t\t\t<div class=\"elementor-widget-container\">\n\t\t\t\t\t\t\t<div class=\"elementor-image-gallery\">\n\t\t\t<div id='gallery-1' class='gallery galleryid-24 gallery-columns-3 gallery-size-full'><figure class='gallery-item'>\n\t\t\t<div class='gallery-icon landscape'>\n\t\t\t\t<a data-elementor-open-lightbox=\"yes\" data-elementor-lightbox-slideshow=\"35db5eb\" data-elementor-lightbox-title=\"Reformas de Tejados\" data-e-action-hash=\"#elementor-action%3Aaction%3Dlightbox%26settings%3DeyJpZCI6MjE4LCJ1cmwiOiJodHRwczpcL1wvZG90ZW5sYW4uY29tXC93cC1jb250ZW50XC91cGxvYWRzXC8yMDI0XC8wNVwvU2luLXRpdHVsby0xLTA4LmpwZyIsInNsaWRlc2hvdyI6IjM1ZGI1ZWIifQ%3D%3D\" href='https:\/\/dotenlan.com\/wp-content\/uploads\/2024\/05\/Sin-titulo-1-08.jpg'><img fetchpriority=\"high\" decoding=\"async\" width=\"1619\" height=\"1080\" src=\"https:\/\/dotenlan.com\/wp-content\/uploads\/2024\/05\/Sin-titulo-1-08.jpg\" class=\"attachment-full size-full\" alt=\"\" aria-describedby=\"gallery-1-218\" srcset=\"https:\/\/dotenlan.com\/wp-content\/uploads\/2024\/05\/Sin-titulo-1-08.jpg 1619w, https:\/\/dotenlan.com\/wp-content\/uploads\/2024\/05\/Sin-titulo-1-08-300x200.jpg 300w, https:\/\/dotenlan.com\/wp-content\/uploads\/2024\/05\/Sin-titulo-1-08-1024x683.jpg 1024w, https:\/\/dotenlan.com\/wp-content\/uploads\/2024\/05\/Sin-titulo-1-08-768x512.jpg 768w, https:\/\/dotenlan.com\/wp-content\/uploads\/2024\/05\/Sin-titulo-1-08-1536x1025.jpg 1536w, https:\/\/dotenlan.com\/wp-content\/uploads\/2024\/05\/Sin-titulo-1-08-18x12.jpg 18w\" sizes=\"(max-width: 1619px) 100vw, 1619px\" \/><\/a>\n\t\t\t<\/div>\n\t\t\t\t<figcaption class='wp-caption-text gallery-caption' id='gallery-1-218'>\n\t\t\t\tReformas de Tejados\n\t\t\t\t<\/figcaption><\/figure><figure class='gallery-item'>\n\t\t\t<div class='gallery-icon landscape'>\n\t\t\t\t<a data-elementor-open-lightbox=\"yes\" data-elementor-lightbox-slideshow=\"35db5eb\" data-elementor-lightbox-title=\"Reformas de Tejados\" data-e-action-hash=\"#elementor-action%3Aaction%3Dlightbox%26settings%3DeyJpZCI6MjMxLCJ1cmwiOiJodHRwczpcL1wvZG90ZW5sYW4uY29tXC93cC1jb250ZW50XC91cGxvYWRzXC8yMDI0XC8wNVwvY3JhZnRzbWFuLXRyZWFzdXJlLWZpcmVkLWNlcmFtaWMtdGlsZS1yb29mLTEtc2NhbGVkLmpwZyIsInNsaWRlc2hvdyI6IjM1ZGI1ZWIifQ%3D%3D\" href='https:\/\/dotenlan.com\/wp-content\/uploads\/2024\/05\/craftsman-treasure-fired-ceramic-tile-roof-1-scaled.jpg'><img decoding=\"async\" width=\"2560\" height=\"1707\" src=\"https:\/\/dotenlan.com\/wp-content\/uploads\/2024\/05\/craftsman-treasure-fired-ceramic-tile-roof-1-scaled.jpg\" class=\"attachment-full size-full\" alt=\"\" srcset=\"https:\/\/dotenlan.com\/wp-content\/uploads\/2024\/05\/craftsman-treasure-fired-ceramic-tile-roof-1-scaled.jpg 2560w, https:\/\/dotenlan.com\/wp-content\/uploads\/2024\/05\/craftsman-treasure-fired-ceramic-tile-roof-1-300x200.jpg 300w, https:\/\/dotenlan.com\/wp-content\/uploads\/2024\/05\/craftsman-treasure-fired-ceramic-tile-roof-1-1024x683.jpg 1024w, https:\/\/dotenlan.com\/wp-content\/uploads\/2024\/05\/craftsman-treasure-fired-ceramic-tile-roof-1-768x512.jpg 768w, https:\/\/dotenlan.com\/wp-content\/uploads\/2024\/05\/craftsman-treasure-fired-ceramic-tile-roof-1-1536x1024.jpg 1536w, https:\/\/dotenlan.com\/wp-content\/uploads\/2024\/05\/craftsman-treasure-fired-ceramic-tile-roof-1-2048x1365.jpg 2048w, https:\/\/dotenlan.com\/wp-content\/uploads\/2024\/05\/craftsman-treasure-fired-ceramic-tile-roof-1-18x12.jpg 18w\" sizes=\"(max-width: 2560px) 100vw, 2560px\" \/><\/a>\n\t\t\t<\/div><\/figure><figure class='gallery-item'>\n\t\t\t<div class='gallery-icon landscape'>\n\t\t\t\t<a data-elementor-open-lightbox=\"yes\" data-elementor-lightbox-slideshow=\"35db5eb\" data-elementor-lightbox-title=\"Reformas de Tejados\" data-e-action-hash=\"#elementor-action%3Aaction%3Dlightbox%26settings%3DeyJpZCI6MjMyLCJ1cmwiOiJodHRwczpcL1wvZG90ZW5sYW4uY29tXC93cC1jb250ZW50XC91cGxvYWRzXC8yMDI0XC8wNVwvY2FycGVudGVyLW1hbi13b3JraW5nLXJvb2Ytc2NhbGVkLWUxNzE0NjQ4MzY5ODU1LmpwZyIsInNsaWRlc2hvdyI6IjM1ZGI1ZWIifQ%3D%3D\" href='https:\/\/dotenlan.com\/wp-content\/uploads\/2024\/05\/carpenter-man-working-roof-scaled-e1714648369855.jpg'><img decoding=\"async\" width=\"2560\" height=\"1706\" src=\"https:\/\/dotenlan.com\/wp-content\/uploads\/2024\/05\/carpenter-man-working-roof-scaled-e1714648369855.jpg\" class=\"attachment-full size-full\" alt=\"\" srcset=\"https:\/\/dotenlan.com\/wp-content\/uploads\/2024\/05\/carpenter-man-working-roof-scaled-e1714648369855.jpg 2560w, https:\/\/dotenlan.com\/wp-content\/uploads\/2024\/05\/carpenter-man-working-roof-scaled-e1714648369855-300x200.jpg 300w, https:\/\/dotenlan.com\/wp-content\/uploads\/2024\/05\/carpenter-man-working-roof-scaled-e1714648369855-1024x682.jpg 1024w, https:\/\/dotenlan.com\/wp-content\/uploads\/2024\/05\/carpenter-man-working-roof-scaled-e1714648369855-768x512.jpg 768w, https:\/\/dotenlan.com\/wp-content\/uploads\/2024\/05\/carpenter-man-working-roof-scaled-e1714648369855-1536x1024.jpg 1536w, https:\/\/dotenlan.com\/wp-content\/uploads\/2024\/05\/carpenter-man-working-roof-scaled-e1714648369855-2048x1365.jpg 2048w, https:\/\/dotenlan.com\/wp-content\/uploads\/2024\/05\/carpenter-man-working-roof-scaled-e1714648369855-18x12.jpg 18w\" sizes=\"(max-width: 2560px) 100vw, 2560px\" \/><\/a>\n\t\t\t<\/div><\/figure><figure class='gallery-item'>\n\t\t\t<div class='gallery-icon landscape'>\n\t\t\t\t<a data-elementor-open-lightbox=\"yes\" data-elementor-lightbox-slideshow=\"35db5eb\" data-elementor-lightbox-title=\"Reformas de Tejados\" data-e-action-hash=\"#elementor-action%3Aaction%3Dlightbox%26settings%3DeyJpZCI6MjMzLCJ1cmwiOiJodHRwczpcL1wvZG90ZW5sYW4uY29tXC93cC1jb250ZW50XC91cGxvYWRzXC8yMDI0XC8wNVwvYmVhdXRpZnVsLW1vZGVybi1ob3VzZS1pcy1jb3ZlcmVkLXdpdGgtYmxhY2stbWV0YWwtdGlsZXMtcm9vZmluZy1tZXRhbC1wcm9maWxlLXdhdnktc2hhcGUuanBnIiwic2xpZGVzaG93IjoiMzVkYjVlYiJ9\" href='https:\/\/dotenlan.com\/wp-content\/uploads\/2024\/05\/beautiful-modern-house-is-covered-with-black-metal-tiles-roofing-metal-profile-wavy-shape.jpg'><img loading=\"lazy\" decoding=\"async\" width=\"2001\" height=\"1333\" src=\"https:\/\/dotenlan.com\/wp-content\/uploads\/2024\/05\/beautiful-modern-house-is-covered-with-black-metal-tiles-roofing-metal-profile-wavy-shape.jpg\" class=\"attachment-full size-full\" alt=\"\" srcset=\"https:\/\/dotenlan.com\/wp-content\/uploads\/2024\/05\/beautiful-modern-house-is-covered-with-black-metal-tiles-roofing-metal-profile-wavy-shape.jpg 2001w, https:\/\/dotenlan.com\/wp-content\/uploads\/2024\/05\/beautiful-modern-house-is-covered-with-black-metal-tiles-roofing-metal-profile-wavy-shape-300x200.jpg 300w, https:\/\/dotenlan.com\/wp-content\/uploads\/2024\/05\/beautiful-modern-house-is-covered-with-black-metal-tiles-roofing-metal-profile-wavy-shape-1024x682.jpg 1024w, https:\/\/dotenlan.com\/wp-content\/uploads\/2024\/05\/beautiful-modern-house-is-covered-with-black-metal-tiles-roofing-metal-profile-wavy-shape-768x512.jpg 768w, https:\/\/dotenlan.com\/wp-content\/uploads\/2024\/05\/beautiful-modern-house-is-covered-with-black-metal-tiles-roofing-metal-profile-wavy-shape-1536x1023.jpg 1536w, https:\/\/dotenlan.com\/wp-content\/uploads\/2024\/05\/beautiful-modern-house-is-covered-with-black-metal-tiles-roofing-metal-profile-wavy-shape-18x12.jpg 18w\" sizes=\"(max-width: 2001px) 100vw, 2001px\" \/><\/a>\n\t\t\t<\/div><\/figure><figure class='gallery-item'>\n\t\t\t<div class='gallery-icon landscape'>\n\t\t\t\t<a data-elementor-open-lightbox=\"yes\" data-elementor-lightbox-slideshow=\"35db5eb\" data-elementor-lightbox-title=\"Reformas de Tejados\" data-e-action-hash=\"#elementor-action%3Aaction%3Dlightbox%26settings%3DeyJpZCI6MjM0LCJ1cmwiOiJodHRwczpcL1wvZG90ZW5sYW4uY29tXC93cC1jb250ZW50XC91cGxvYWRzXC8yMDI0XC8wNVwvbWVkaXVtLXNob3QtbWVuLXdvcmtpbmctdG9nZXRoZXIuanBnIiwic2xpZGVzaG93IjoiMzVkYjVlYiJ9\" href='https:\/\/dotenlan.com\/wp-content\/uploads\/2024\/05\/medium-shot-men-working-together.jpg'><img loading=\"lazy\" decoding=\"async\" width=\"1902\" height=\"1269\" src=\"https:\/\/dotenlan.com\/wp-content\/uploads\/2024\/05\/medium-shot-men-working-together.jpg\" class=\"attachment-full size-full\" alt=\"\" srcset=\"https:\/\/dotenlan.com\/wp-content\/uploads\/2024\/05\/medium-shot-men-working-together.jpg 1902w, https:\/\/dotenlan.com\/wp-content\/uploads\/2024\/05\/medium-shot-men-working-together-300x200.jpg 300w, https:\/\/dotenlan.com\/wp-content\/uploads\/2024\/05\/medium-shot-men-working-together-1024x683.jpg 1024w, https:\/\/dotenlan.com\/wp-content\/uploads\/2024\/05\/medium-shot-men-working-together-768x512.jpg 768w, https:\/\/dotenlan.com\/wp-content\/uploads\/2024\/05\/medium-shot-men-working-together-1536x1025.jpg 1536w, https:\/\/dotenlan.com\/wp-content\/uploads\/2024\/05\/medium-shot-men-working-together-18x12.jpg 18w\" sizes=\"(max-width: 1902px) 100vw, 1902px\" \/><\/a>\n\t\t\t<\/div><\/figure><figure class='gallery-item'>\n\t\t\t<div class='gallery-icon landscape'>\n\t\t\t\t<a data-elementor-open-lightbox=\"yes\" data-elementor-lightbox-slideshow=\"35db5eb\" data-elementor-lightbox-title=\"Reformas de Tejados\" data-e-action-hash=\"#elementor-action%3Aaction%3Dlightbox%26settings%3DeyJpZCI6MjM1LCJ1cmwiOiJodHRwczpcL1wvZG90ZW5sYW4uY29tXC93cC1jb250ZW50XC91cGxvYWRzXC8yMDI0XC8wNVwvd29ya2VyLXBlcmZvcm1zLW92ZXJoYXVsLXJvb2YtcmVzaWRlbnRpYWwtYnVpbGRpbmcuanBnIiwic2xpZGVzaG93IjoiMzVkYjVlYiJ9\" href='https:\/\/dotenlan.com\/wp-content\/uploads\/2024\/05\/worker-performs-overhaul-roof-residential-building.jpg'><img loading=\"lazy\" decoding=\"async\" width=\"1999\" height=\"1334\" src=\"https:\/\/dotenlan.com\/wp-content\/uploads\/2024\/05\/worker-performs-overhaul-roof-residential-building.jpg\" class=\"attachment-full size-full\" alt=\"\" srcset=\"https:\/\/dotenlan.com\/wp-content\/uploads\/2024\/05\/worker-performs-overhaul-roof-residential-building.jpg 1999w, https:\/\/dotenlan.com\/wp-content\/uploads\/2024\/05\/worker-performs-overhaul-roof-residential-building-300x200.jpg 300w, https:\/\/dotenlan.com\/wp-content\/uploads\/2024\/05\/worker-performs-overhaul-roof-residential-building-1024x683.jpg 1024w, https:\/\/dotenlan.com\/wp-content\/uploads\/2024\/05\/worker-performs-overhaul-roof-residential-building-768x513.jpg 768w, https:\/\/dotenlan.com\/wp-content\/uploads\/2024\/05\/worker-performs-overhaul-roof-residential-building-1536x1025.jpg 1536w, https:\/\/dotenlan.com\/wp-content\/uploads\/2024\/05\/worker-performs-overhaul-roof-residential-building-18x12.jpg 18w\" sizes=\"(max-width: 1999px) 100vw, 1999px\" \/><\/a>\n\t\t\t<\/div><\/figure>\n\t\t<\/div>\n\t\t<\/div>\n\t\t\t\t\t\t<\/div>\n\t\t\t\t<\/div>\n\t\t\t\t\t<\/div>\n\t\t\t\t<\/div>\n\t\t\t\t<\/div>","protected":false},"excerpt":{"rendered":"<p>Fachadas y Cubiertas Cubiertas: En Cubiertas, nos dedicamos a proporcionar soluciones integrales para mejorar el aislamiento e impermeabilizaci\u00f3n de su conjunto. Nuestros servicios incluyen no solo reparaciones puntuales, sino tambi\u00e9n la implementaci\u00f3n de mejoras duraderas y efectivas. Nos esforzamos por encontrar las mejores soluciones que garanticen la m\u00e1xima durabilidad y la m\u00e1xima protecci\u00f3n para su [&hellip;]<\/p>\n","protected":false},"author":1,"featured_media":0,"parent":0,"menu_order":0,"comment_status":"closed","ping_status":"closed","template":"","meta":{"footnotes":""},"class_list":["post-24","page","type-page","status-publish","hentry"],"yoast_head":"<!-- This site is optimized with the Yoast SEO plugin v27.4 - https:\/\/yoast.com\/product\/yoast-seo-wordpress\/ -->\n<title>Fachadas y cubiertas - DOTENLAN CONSTRUCCIONES Y REFORMAS<\/title>\n<meta name=\"robots\" content=\"index, follow, max-snippet:-1, max-image-preview:large, max-video-preview:-1\" \/>\n<link rel=\"canonical\" href=\"https:\/\/dotenlan.com\/eu\/fachadas-y-cubiertas\/\" \/>\n<meta property=\"og:locale\" content=\"en_US\" \/>\n<meta property=\"og:type\" content=\"article\" \/>\n<meta property=\"og:title\" content=\"Fachadas y cubiertas - DOTENLAN CONSTRUCCIONES Y REFORMAS\" \/>\n<meta property=\"og:description\" content=\"Fachadas y Cubiertas Cubiertas: En Cubiertas, nos dedicamos a proporcionar soluciones integrales para mejorar el aislamiento e impermeabilizaci\u00f3n de su conjunto. Nuestros servicios incluyen no solo reparaciones puntuales, sino tambi\u00e9n la implementaci\u00f3n de mejoras duraderas y efectivas. Nos esforzamos por encontrar las mejores soluciones que garanticen la m\u00e1xima durabilidad y la m\u00e1xima protecci\u00f3n para su [&hellip;]\" \/>\n<meta property=\"og:url\" content=\"https:\/\/dotenlan.com\/eu\/fachadas-y-cubiertas\/\" \/>\n<meta property=\"og:site_name\" content=\"DOTENLAN CONSTRUCCIONES Y REFORMAS\" \/>\n<meta property=\"article:modified_time\" content=\"2024-05-03T15:42:16+00:00\" \/>\n<meta property=\"og:image\" content=\"https:\/\/dotenlan.com\/wp-content\/uploads\/2024\/05\/Sin-titulo-1-08.jpg\" \/>\n<meta name=\"twitter:card\" content=\"summary_large_image\" \/>\n<meta name=\"twitter:label1\" content=\"Est. reading time\" \/>\n\t<meta name=\"twitter:data1\" content=\"3 minutua\" \/>\n<script type=\"application\/ld+json\" class=\"yoast-schema-graph\">{\"@context\":\"https:\\\/\\\/schema.org\",\"@graph\":[{\"@type\":\"WebPage\",\"@id\":\"https:\\\/\\\/dotenlan.com\\\/fachadas-y-cubiertas\\\/\",\"url\":\"https:\\\/\\\/dotenlan.com\\\/fachadas-y-cubiertas\\\/\",\"name\":\"Fachadas y cubiertas - DOTENLAN CONSTRUCCIONES Y REFORMAS\",\"isPartOf\":{\"@id\":\"https:\\\/\\\/dotenlan.com\\\/#website\"},\"primaryImageOfPage\":{\"@id\":\"https:\\\/\\\/dotenlan.com\\\/fachadas-y-cubiertas\\\/#primaryimage\"},\"image\":{\"@id\":\"https:\\\/\\\/dotenlan.com\\\/fachadas-y-cubiertas\\\/#primaryimage\"},\"thumbnailUrl\":\"https:\\\/\\\/dotenlan.com\\\/wp-content\\\/uploads\\\/2024\\\/05\\\/Sin-titulo-1-08.jpg\",\"datePublished\":\"2024-04-15T09:06:30+00:00\",\"dateModified\":\"2024-05-03T15:42:16+00:00\",\"breadcrumb\":{\"@id\":\"https:\\\/\\\/dotenlan.com\\\/fachadas-y-cubiertas\\\/#breadcrumb\"},\"inLanguage\":\"eu\",\"potentialAction\":[{\"@type\":\"ReadAction\",\"target\":[\"https:\\\/\\\/dotenlan.com\\\/fachadas-y-cubiertas\\\/\"]}]},{\"@type\":\"ImageObject\",\"inLanguage\":\"eu\",\"@id\":\"https:\\\/\\\/dotenlan.com\\\/fachadas-y-cubiertas\\\/#primaryimage\",\"url\":\"https:\\\/\\\/dotenlan.com\\\/wp-content\\\/uploads\\\/2024\\\/05\\\/Sin-titulo-1-08.jpg\",\"contentUrl\":\"https:\\\/\\\/dotenlan.com\\\/wp-content\\\/uploads\\\/2024\\\/05\\\/Sin-titulo-1-08.jpg\"},{\"@type\":\"BreadcrumbList\",\"@id\":\"https:\\\/\\\/dotenlan.com\\\/fachadas-y-cubiertas\\\/#breadcrumb\",\"itemListElement\":[{\"@type\":\"ListItem\",\"position\":1,\"name\":\"Portada\",\"item\":\"https:\\\/\\\/dotenlan.com\\\/\"},{\"@type\":\"ListItem\",\"position\":2,\"name\":\"Fachadas y cubiertas\"}]},{\"@type\":\"WebSite\",\"@id\":\"https:\\\/\\\/dotenlan.com\\\/#website\",\"url\":\"https:\\\/\\\/dotenlan.com\\\/\",\"name\":\"DOTENLAN CONSTRUCCIONES Y REFORMAS\",\"description\":\"\",\"publisher\":{\"@id\":\"https:\\\/\\\/dotenlan.com\\\/#organization\"},\"potentialAction\":[{\"@type\":\"SearchAction\",\"target\":{\"@type\":\"EntryPoint\",\"urlTemplate\":\"https:\\\/\\\/dotenlan.com\\\/?s={search_term_string}\"},\"query-input\":{\"@type\":\"PropertyValueSpecification\",\"valueRequired\":true,\"valueName\":\"search_term_string\"}}],\"inLanguage\":\"eu\"},{\"@type\":\"Organization\",\"@id\":\"https:\\\/\\\/dotenlan.com\\\/#organization\",\"name\":\"DOTENLAN CONSTRUCCIONES Y REFORMAS\",\"url\":\"https:\\\/\\\/dotenlan.com\\\/\",\"logo\":{\"@type\":\"ImageObject\",\"inLanguage\":\"eu\",\"@id\":\"https:\\\/\\\/dotenlan.com\\\/#\\\/schema\\\/logo\\\/image\\\/\",\"url\":\"https:\\\/\\\/dotenlan.com\\\/wp-content\\\/uploads\\\/2025\\\/01\\\/cropped-logo_Dotenlan_ajustado-sin-fondo.png\",\"contentUrl\":\"https:\\\/\\\/dotenlan.com\\\/wp-content\\\/uploads\\\/2025\\\/01\\\/cropped-logo_Dotenlan_ajustado-sin-fondo.png\",\"width\":892,\"height\":279,\"caption\":\"DOTENLAN CONSTRUCCIONES Y REFORMAS \"},\"image\":{\"@id\":\"https:\\\/\\\/dotenlan.com\\\/#\\\/schema\\\/logo\\\/image\\\/\"}}]}<\/script>\n<!-- \/ Yoast SEO plugin. -->","yoast_head_json":{"title":"Fachadas y cubiertas - DOTENLAN CONSTRUCCIONES Y REFORMAS","robots":{"index":"index","follow":"follow","max-snippet":"max-snippet:-1","max-image-preview":"max-image-preview:large","max-video-preview":"max-video-preview:-1"},"canonical":"https:\/\/dotenlan.com\/eu\/fachadas-y-cubiertas\/","og_locale":"en_US","og_type":"article","og_title":"Fachadas y cubiertas - DOTENLAN CONSTRUCCIONES Y REFORMAS","og_description":"Fachadas y Cubiertas Cubiertas: En Cubiertas, nos dedicamos a proporcionar soluciones integrales para mejorar el aislamiento e impermeabilizaci\u00f3n de su conjunto. Nuestros servicios incluyen no solo reparaciones puntuales, sino tambi\u00e9n la implementaci\u00f3n de mejoras duraderas y efectivas. Nos esforzamos por encontrar las mejores soluciones que garanticen la m\u00e1xima durabilidad y la m\u00e1xima protecci\u00f3n para su [&hellip;]","og_url":"https:\/\/dotenlan.com\/eu\/fachadas-y-cubiertas\/","og_site_name":"DOTENLAN CONSTRUCCIONES Y REFORMAS","article_modified_time":"2024-05-03T15:42:16+00:00","og_image":[{"url":"https:\/\/dotenlan.com\/wp-content\/uploads\/2024\/05\/Sin-titulo-1-08.jpg","type":"","width":"","height":""}],"twitter_card":"summary_large_image","twitter_misc":{"Est. reading time":"3 minutua"},"schema":{"@context":"https:\/\/schema.org","@graph":[{"@type":"WebPage","@id":"https:\/\/dotenlan.com\/fachadas-y-cubiertas\/","url":"https:\/\/dotenlan.com\/fachadas-y-cubiertas\/","name":"Fachadas y cubiertas - DOTENLAN CONSTRUCCIONES Y REFORMAS","isPartOf":{"@id":"https:\/\/dotenlan.com\/#website"},"primaryImageOfPage":{"@id":"https:\/\/dotenlan.com\/fachadas-y-cubiertas\/#primaryimage"},"image":{"@id":"https:\/\/dotenlan.com\/fachadas-y-cubiertas\/#primaryimage"},"thumbnailUrl":"https:\/\/dotenlan.com\/wp-content\/uploads\/2024\/05\/Sin-titulo-1-08.jpg","datePublished":"2024-04-15T09:06:30+00:00","dateModified":"2024-05-03T15:42:16+00:00","breadcrumb":{"@id":"https:\/\/dotenlan.com\/fachadas-y-cubiertas\/#breadcrumb"},"inLanguage":"eu","potentialAction":[{"@type":"ReadAction","target":["https:\/\/dotenlan.com\/fachadas-y-cubiertas\/"]}]},{"@type":"ImageObject","inLanguage":"eu","@id":"https:\/\/dotenlan.com\/fachadas-y-cubiertas\/#primaryimage","url":"https:\/\/dotenlan.com\/wp-content\/uploads\/2024\/05\/Sin-titulo-1-08.jpg","contentUrl":"https:\/\/dotenlan.com\/wp-content\/uploads\/2024\/05\/Sin-titulo-1-08.jpg"},{"@type":"BreadcrumbList","@id":"https:\/\/dotenlan.com\/fachadas-y-cubiertas\/#breadcrumb","itemListElement":[{"@type":"ListItem","position":1,"name":"Portada","item":"https:\/\/dotenlan.com\/"},{"@type":"ListItem","position":2,"name":"Fachadas y cubiertas"}]},{"@type":"WebSite","@id":"https:\/\/dotenlan.com\/#website","url":"https:\/\/dotenlan.com\/","name":"DOTENLAN CONSTRUCCIONES Y REFORMAS","description":"","publisher":{"@id":"https:\/\/dotenlan.com\/#organization"},"potentialAction":[{"@type":"SearchAction","target":{"@type":"EntryPoint","urlTemplate":"https:\/\/dotenlan.com\/?s={search_term_string}"},"query-input":{"@type":"PropertyValueSpecification","valueRequired":true,"valueName":"search_term_string"}}],"inLanguage":"eu"},{"@type":"Organization","@id":"https:\/\/dotenlan.com\/#organization","name":"DOTENLAN CONSTRUCCIONES Y REFORMAS","url":"https:\/\/dotenlan.com\/","logo":{"@type":"ImageObject","inLanguage":"eu","@id":"https:\/\/dotenlan.com\/#\/schema\/logo\/image\/","url":"https:\/\/dotenlan.com\/wp-content\/uploads\/2025\/01\/cropped-logo_Dotenlan_ajustado-sin-fondo.png","contentUrl":"https:\/\/dotenlan.com\/wp-content\/uploads\/2025\/01\/cropped-logo_Dotenlan_ajustado-sin-fondo.png","width":892,"height":279,"caption":"DOTENLAN CONSTRUCCIONES Y REFORMAS "},"image":{"@id":"https:\/\/dotenlan.com\/#\/schema\/logo\/image\/"}}]}},"_links":{"self":[{"href":"https:\/\/dotenlan.com\/eu\/wp-json\/wp\/v2\/pages\/24","targetHints":{"allow":["GET"]}}],"collection":[{"href":"https:\/\/dotenlan.com\/eu\/wp-json\/wp\/v2\/pages"}],"about":[{"href":"https:\/\/dotenlan.com\/eu\/wp-json\/wp\/v2\/types\/page"}],"author":[{"embeddable":true,"href":"https:\/\/dotenlan.com\/eu\/wp-json\/wp\/v2\/users\/1"}],"replies":[{"embeddable":true,"href":"https:\/\/dotenlan.com\/eu\/wp-json\/wp\/v2\/comments?post=24"}],"version-history":[{"count":7,"href":"https:\/\/dotenlan.com\/eu\/wp-json\/wp\/v2\/pages\/24\/revisions"}],"predecessor-version":[{"id":334,"href":"https:\/\/dotenlan.com\/eu\/wp-json\/wp\/v2\/pages\/24\/revisions\/334"}],"wp:attachment":[{"href":"https:\/\/dotenlan.com\/eu\/wp-json\/wp\/v2\/media?parent=24"}],"curies":[{"name":"wp","href":"https:\/\/api.w.org\/{rel}","templated":true}]}}